{"id":231,"date":"2021-05-07T15:38:41","date_gmt":"2021-05-07T13:38:41","guid":{"rendered":"http:\/\/ex-create.cz\/kastrol\/www\/zasady-ochrany-osobnich-udaju\/"},"modified":"2021-07-14T10:43:47","modified_gmt":"2021-07-14T08:43:47","slug":"privacy-policy","status":"publish","type":"page","link":"https:\/\/restauracekastrol.cz\/en\/privacy-policy\/","title":{"rendered":"Privacy Policy"},"content":{"rendered":"\n<p>Spr\u00e1vcem osobn\u00edch \u00fadaj\u016f ve vztahu k tomuto webu je firma GASTRO KASTROL s.r.o., I\u010cO: 01799045, se s\u00eddlem Ohradsk\u00e9 n\u00e1m\u011bst\u00ed 1625\/2, Stod\u016flky, 155 00 Praha 5, telefon +420 607 048 992, e-mail kontakt@restauracekastrol.cz<\/p>\n\n\n\n<p>Va\u0161e osobn\u00ed \u00fadaje zpracov\u00e1v\u00e1me pro n\u00e1sleduj\u00edc\u00ed \u00fa\u010dely:<\/p>\n\n\n\n<p>Zas\u00edl\u00e1n\u00ed novinek a obchodn\u00edch nab\u00eddek &#8211; nab\u00eddky denn\u00edho menu. Zde zpracov\u00e1v\u00e1me e-mailovou adresu. Pr\u00e1vn\u00edm d\u016fvodem tohoto zpracov\u00e1n\u00ed je v\u00e1\u0161 souhlas, kter\u00fd n\u00e1m poskytujete p\u0159i vypln\u011bn\u00ed registra\u010dn\u00edho formul\u00e1\u0159e a kter\u00fd m\u016f\u017eete kdykoli odvolat, prost\u0159ednictv\u00edm odkazu &#8220;odhl\u00e1sit&#8221; v z\u00e1pat\u00ed ka\u017ed\u00e9ho e-mailu.<\/p>\n\n\n\n<p>Nikomu dal\u0161\u00edmu osobn\u00ed \u00fadaje bez va\u0161eho v\u00fdslovn\u00e9ho souhlasu neposkytujeme.<\/p>\n\n\n\n<p>Berte na v\u011bdom\u00ed, \u017ee podle z\u00e1kona o ochran\u011b osobn\u00edch \u00fadaj\u016f m\u00e1te pr\u00e1vo:<\/p>\n\n\n\n<ul><li>Vz\u00edt souhlas kdykoliv zp\u011bt.<\/li><li>Po\u017eadovat po n\u00e1s informaci, jak\u00e9 va\u0161e osobn\u00ed \u00fadaje zpracov\u00e1v\u00e1me.<\/li><li>Po\u017eadovat po n\u00e1s vysv\u011btlen\u00ed ohledn\u011b zpracov\u00e1n\u00ed osobn\u00edch \u00fadaj\u016f.<\/li><li>Vy\u017e\u00e1dat si u n\u00e1s p\u0159\u00edstup k t\u011bmto \u00fadaj\u016fm a tyto nechat aktualizovat nebo opravit.<\/li><li>Po\u017eadovat po n\u00e1s v\u00fdmaz t\u011bchto osobn\u00edch \u00fadaj\u016f.<\/li><li>V p\u0159\u00edpad\u011b pochybnost\u00ed o dodr\u017eov\u00e1n\u00ed povinnost\u00ed souvisej\u00edc\u00edch se zpracov\u00e1n\u00edm osobn\u00edch \u00fadaj\u016f obr\u00e1tit se na n\u00e1s nebo na \u00da\u0159ad pro ochranu osobn\u00edch \u00fadaj\u016f.<\/li><\/ul>\n","protected":false},"excerpt":{"rendered":"<p>Spr\u00e1vcem osobn\u00edch \u00fadaj\u016f ve vztahu k tomuto webu je firma GASTRO KASTROL s.r.o., I\u010cO: 01799045, se s\u00eddlem Ohradsk\u00e9 n\u00e1m\u011bst\u00ed 1625\/2, Stod\u016flky, 155 00 Praha 5, telefon +420 607 048 992, e-mail kontakt@restauracekastrol.cz Va\u0161e osobn\u00ed \u00fadaje zpracov\u00e1v\u00e1me pro n\u00e1sleduj\u00edc\u00ed \u00fa\u010dely: Zas\u00edl\u00e1n\u00ed novinek a obchodn\u00edch nab\u00eddek &#8211; nab\u00eddky denn\u00edho menu. Zde zpracov\u00e1v\u00e1me e-mailovou adresu. Pr\u00e1vn\u00edm d\u016fvodem tohoto [&hellip;]<\/p>\n","protected":false},"author":1,"featured_media":0,"parent":0,"menu_order":0,"comment_status":"closed","ping_status":"closed","template":"","meta":[],"_links":{"self":[{"href":"https:\/\/restauracekastrol.cz\/en\/wp-json\/wp\/v2\/pages\/231"}],"collection":[{"href":"https:\/\/restauracekastrol.cz\/en\/wp-json\/wp\/v2\/pages"}],"about":[{"href":"https:\/\/restauracekastrol.cz\/en\/wp-json\/wp\/v2\/types\/page"}],"author":[{"embeddable":true,"href":"https:\/\/restauracekastrol.cz\/en\/wp-json\/wp\/v2\/users\/1"}],"replies":[{"embeddable":true,"href":"https:\/\/restauracekastrol.cz\/en\/wp-json\/wp\/v2\/comments?post=231"}],"version-history":[{"count":1,"href":"https:\/\/restauracekastrol.cz\/en\/wp-json\/wp\/v2\/pages\/231\/revisions"}],"predecessor-version":[{"id":232,"href":"https:\/\/restauracekastrol.cz\/en\/wp-json\/wp\/v2\/pages\/231\/revisions\/232"}],"wp:attachment":[{"href":"https:\/\/restauracekastrol.cz\/en\/wp-json\/wp\/v2\/media?parent=231"}],"curies":[{"name":"wp","href":"https:\/\/api.w.org\/{rel}","templated":true}]}}